{"id":897,"date":"2014-12-21T12:43:02","date_gmt":"2014-12-21T12:43:02","guid":{"rendered":"http:\/\/mikulcice-valy.cz\/en\/o-nas\/nase-poslani\/"},"modified":"2017-06-15T05:20:40","modified_gmt":"2017-06-15T05:20:40","slug":"our-mission","status":"publish","type":"page","link":"https:\/\/mikulcice.arub.cz\/en\/about-us\/our-mission\/","title":{"rendered":"Our mission"},"content":{"rendered":"<p>[vc_row][vc_column][vc_column_text]<\/p>\n<p class=\"p1\">Nov\u00e1 v\u00fdzkumn\u00e1 z\u00e1kladna v\u00a0Mikul\u010dic\u00edch-Trap\u00edkov\u011b byla uvedena do provozu v\u00a0roce 2014 \u2013 \u0161est let po tragick\u00e9m po\u017e\u00e1ru p\u016fvodn\u00ed z\u00e1kladny na akropoli hradi\u0161t\u011b Mikul\u010dice-Valy a \u0161edes\u00e1t let po zah\u00e1jen\u00ed v\u00fdzkumu na t\u00e9to evropsky proslul\u00e9 archeologick\u00e9 lokalit\u011b. P\u0159esun archeologick\u00e9ho pracovi\u0161t\u011b z\u00a0centra pam\u00e1tkov\u00e9ho are\u00e1lu do jeho okrajov\u00e9 z\u00f3ny zaru\u010duje, \u017ee modern\u00ed objekt nebude naru\u0161ovat autenticitu j\u00e1drov\u00e9ho \u00fazem\u00ed n\u00e1rodn\u00ed kulturn\u00ed pam\u00e1tky Slovansk\u00e9 hradi\u0161t\u011b v\u00a0Mikul\u010dic\u00edch, sou\u010dasn\u011b v\u0161ak umo\u017en\u00ed pokra\u010dov\u00e1n\u00ed intenzivn\u00edho v\u00fdzkumu t\u00e9to evropsky proslul\u00e9 archeologick\u00e9 lokality. Z\u00e1kladna chce b\u00fdt nejen v\u00fdzkumn\u00fdm centrem, ale i kulturn\u00edm a eduka\u010dn\u00edm m\u00edstem v\u00a0dne\u0161n\u00ed mikul\u010dick\u00e9 archeologick\u00e9 krajin\u011b.<\/p>\n<blockquote>\n<p class=\"p3\">Pracovi\u0161t\u011b nab\u00edz\u00ed optim\u00e1ln\u00ed prost\u0159ed\u00ed pro pr\u00e1ce spojen\u00e9 s\u00a0modern\u00edm archeologick\u00fdm v\u00fdzkumem.<\/p>\n<\/blockquote>\n<p class=\"p1\">Nov\u00e1 z\u00e1kladna je nejmodern\u011bj\u0161\u00edm archeologick\u00fdm v\u00fdzkumn\u00fdm pracovi\u0161t\u011bm v\u00a0\u010cesk\u00e9 republice. Archeologick\u00e9 n\u00e1lezy z\u00a0Mikul\u010dic, jejich z\u00e1zem\u00ed, ale i z dal\u0161\u00edch ran\u011b st\u0159edov\u011bk\u00fdch lokalit na Morav\u011b jsou zde konzerva\u010dn\u011b a restaur\u00e1torsky o\u0161et\u0159ov\u00e1ny, dokumentov\u00e1ny, ukl\u00e1d\u00e1ny ve studijn\u00edch depozit\u00e1\u0159\u00edch a odborn\u011b vyhodnocov\u00e1ny. Jsou tak spolu s\u00a0odpov\u00eddaj\u00edc\u00edm technick\u00fdm z\u00e1zem\u00edm zp\u0159\u00edstupn\u011bny pracovn\u00edk\u016fm Archeologick\u00e9ho \u00fastavu, ale i dal\u0161\u00edm badatel\u016fm a z\u00e1jemc\u016fm. Datab\u00e1zov\u00e9 aplikace mikul\u010dick\u00e9ho v\u00fdzkumu maj\u00ed b\u00fdt v\u00fdchodiskem pro budov\u00e1n\u00ed ve\u0159ejn\u00fdch informa\u010dn\u00edch syst\u00e9m\u016f archeologie moravsk\u00e9ho ran\u00e9ho st\u0159edov\u011bku.<\/p>\n<p>[\/vc_column_text][\/vc_column][\/vc_row][vc_row][vc_column width=&#8221;1\/1&#8243;][vc_column_text]Dne\u0161n\u00ed mikul\u010dick\u00fd v\u00fdzkum \u010derp\u00e1 prim\u00e1rn\u011b z informa\u010dn\u00edho potenci\u00e1lu obrovsk\u00e9ho pramenn\u00e9ho fondu z\u00edskan\u00e9ho v\u00a0pr\u016fb\u011bhu 60let\u00e9ho archeologick\u00e9ho v\u00fdzkumu v Mikul\u010dic\u00edch. Odborn\u00e9 zpracov\u00e1n\u00ed tohoto fondu je poj\u00edm\u00e1no jako sou\u010d\u00e1st \u0159e\u0161en\u00ed teoretick\u00fdch probl\u00e9m\u016f v\u00fdzkumu st\u0159edoevropsk\u00e9ho ran\u00e9ho st\u0159edov\u011bku. Mezin\u00e1rodn\u00ed charakter mikul\u010dick\u00e9ho v\u00fdzkumu podtrhuj\u00ed cizojazy\u010dn\u00e9 publika\u010dn\u00ed \u0159ady vyd\u00e1van\u00e9 Archeologick\u00fdm \u00fastavem, ale i tradice mikul\u010dick\u00fdch mezin\u00e1rodn\u00edch kolokvi\u00ed. Z\u00e1kladna poskytuje odborn\u00fd servis pro prezentaci a popularizaci lokality i archeologie obecn\u011b. Plnohodnotn\u00fd v\u00fdzkum a zprost\u0159edkov\u00e1n\u00ed v\u00fdsledk\u016f b\u00e1d\u00e1n\u00ed \u0161irok\u00e9 ve\u0159ejnosti jsou d\u016fle\u017eit\u00e9 pro budouc\u00ed\u00a0nominaci velkomoravsk\u00e9 aglomerace Mikul\u010dice \u2013 Kop\u010dany k\u00a0z\u00e1pisu na Seznam sv\u011btov\u00e9ho d\u011bdictv\u00ed UNESCO.[\/vc_column_text][\/vc_column][\/vc_row]<\/p>\n","protected":false},"excerpt":{"rendered":"[vc_row][vc_column][vc_column_text] Nov\u00e1 v\u00fdzkumn\u00e1 z\u00e1kladna v\u00a0Mikul\u010dic\u00edch-Trap\u00edkov\u011b byla uvedena do provozu v\u00a0roce 2014 \u2013 \u0161est let po tragick\u00e9m po\u017e\u00e1ru p\u016fvodn\u00ed z\u00e1kladny na akropoli hradi\u0161t\u011b Mikul\u010dice-Valy a \u0161edes\u00e1t let po zah\u00e1jen\u00ed v\u00fdzkumu na t\u00e9to evropsky proslul\u00e9 archeologick\u00e9 lokalit\u011b. P\u0159esun archeologick\u00e9ho pracovi\u0161t\u011b z\u00a0centra pam\u00e1tkov\u00e9ho are\u00e1lu do jeho okrajov\u00e9 z\u00f3ny zaru\u010duje, \u017ee modern\u00ed objekt nebude naru\u0161ovat autenticitu j\u00e1drov\u00e9ho \u00fazem\u00ed n\u00e1rodn\u00ed&#8230; <a class=\"view-article\" href=\"https:\/\/mikulcice.arub.cz\/en\/about-us\/our-mission\/\">View Article<\/a>","protected":false},"author":5,"featured_media":0,"parent":896,"menu_order":0,"comment_status":"open","ping_status":"open","template":"","meta":{"footnotes":"","_links_to":"","_links_to_target":""},"class_list":["post-897","page","type-page","status-publish","hentry"],"_links":{"self":[{"href":"https:\/\/mikulcice.arub.cz\/en\/wp-json\/wp\/v2\/pages\/897","targetHints":{"allow":["GET"]}}],"collection":[{"href":"https:\/\/mikulcice.arub.cz\/en\/wp-json\/wp\/v2\/pages"}],"about":[{"href":"https:\/\/mikulcice.arub.cz\/en\/wp-json\/wp\/v2\/types\/page"}],"author":[{"embeddable":true,"href":"https:\/\/mikulcice.arub.cz\/en\/wp-json\/wp\/v2\/users\/5"}],"replies":[{"embeddable":true,"href":"https:\/\/mikulcice.arub.cz\/en\/wp-json\/wp\/v2\/comments?post=897"}],"version-history":[{"count":2,"href":"https:\/\/mikulcice.arub.cz\/en\/wp-json\/wp\/v2\/pages\/897\/revisions"}],"predecessor-version":[{"id":4084,"href":"https:\/\/mikulcice.arub.cz\/en\/wp-json\/wp\/v2\/pages\/897\/revisions\/4084"}],"up":[{"embeddable":true,"href":"https:\/\/mikulcice.arub.cz\/en\/wp-json\/wp\/v2\/pages\/896"}],"wp:attachment":[{"href":"https:\/\/mikulcice.arub.cz\/en\/wp-json\/wp\/v2\/media?parent=897"}],"curies":[{"name":"wp","href":"https:\/\/api.w.org\/{rel}","templated":true}]}}