{"id":895,"date":"2014-12-21T12:43:27","date_gmt":"2014-12-21T12:43:27","guid":{"rendered":"http:\/\/mikulcice-valy.cz\/en\/kontakt\/"},"modified":"2022-06-09T06:05:41","modified_gmt":"2022-06-09T06:05:41","slug":"contact","status":"publish","type":"page","link":"https:\/\/mikulcice.arub.cz\/en\/contact\/","title":{"rendered":"Contact"},"content":{"rendered":"<p>[vc_row][vc_column][vc_column_text]<\/p>\n<p class=\"p1\">Mikul\u010dice-Trap\u00edkov<\/p>\n<p class=\"p1\">V\u00fdzkumn\u00e1 z\u00e1kladna<br \/>\nArcheologick\u00e9ho \u00fastavu AV \u010cR, Brno, v. v. i.<br \/>\n696 19 Mikul\u010dice 736<\/p>\n<p>[\/vc_column_text][vc_row_inner][vc_column_inner width=&#8221;1\/2&#8243;][vc_column_text]<span class=\"s1\">Tel. <\/span>+420\u00a0518\u00a0121\u00a0421<br \/>\n<span class=\"s1\">E-mail: <\/span>mikulcice@arub.cz[\/vc_column_text][\/vc_column_inner][vc_column_inner width=&#8221;1\/2&#8243;][vc_column_text]VEDOUC\u00cd Z\u00c1KLADNY<br \/>\nPhDr. Lum\u00edr Pol\u00e1\u010dek, CSc.<br \/>\npolacek@arub.cz[\/vc_column_text][\/vc_column_inner][\/vc_row_inner][\/vc_column][\/vc_row]<\/p>\n","protected":false},"excerpt":{"rendered":"[vc_row][vc_column][vc_column_text] Mikul\u010dice-Trap\u00edkov V\u00fdzkumn\u00e1 z\u00e1kladna Archeologick\u00e9ho \u00fastavu AV \u010cR, Brno, v. v. i. 696 19 Mikul\u010dice 736 [\/vc_column_text][vc_row_inner][vc_column_inner width=&#8221;1\/2&#8243;][vc_column_text]Tel. +420\u00a0518\u00a0121\u00a0421 E-mail: mikulcice@arub.cz[\/vc_column_text][\/vc_column_inner][vc_column_inner width=&#8221;1\/2&#8243;][vc_column_text]VEDOUC\u00cd Z\u00c1KLADNY PhDr. Lum\u00edr Pol\u00e1\u010dek, CSc. polacek@arub.cz[\/vc_column_text][\/vc_column_inner][\/vc_row_inner][\/vc_column][\/vc_row]","protected":false},"author":5,"featured_media":0,"parent":0,"menu_order":0,"comment_status":"open","ping_status":"open","template":"page-contact.php","meta":{"footnotes":"","_links_to":"","_links_to_target":""},"class_list":["post-895","page","type-page","status-publish","hentry"],"_links":{"self":[{"href":"https:\/\/mikulcice.arub.cz\/en\/wp-json\/wp\/v2\/pages\/895","targetHints":{"allow":["GET"]}}],"collection":[{"href":"https:\/\/mikulcice.arub.cz\/en\/wp-json\/wp\/v2\/pages"}],"about":[{"href":"https:\/\/mikulcice.arub.cz\/en\/wp-json\/wp\/v2\/types\/page"}],"author":[{"embeddable":true,"href":"https:\/\/mikulcice.arub.cz\/en\/wp-json\/wp\/v2\/users\/5"}],"replies":[{"embeddable":true,"href":"https:\/\/mikulcice.arub.cz\/en\/wp-json\/wp\/v2\/comments?post=895"}],"version-history":[{"count":8,"href":"https:\/\/mikulcice.arub.cz\/en\/wp-json\/wp\/v2\/pages\/895\/revisions"}],"predecessor-version":[{"id":7095,"href":"https:\/\/mikulcice.arub.cz\/en\/wp-json\/wp\/v2\/pages\/895\/revisions\/7095"}],"wp:attachment":[{"href":"https:\/\/mikulcice.arub.cz\/en\/wp-json\/wp\/v2\/media?parent=895"}],"curies":[{"name":"wp","href":"https:\/\/api.w.org\/{rel}","templated":true}]}}