{"id":1266,"date":"2016-05-25T22:27:32","date_gmt":"2016-05-25T22:27:32","guid":{"rendered":"http:\/\/mikulcice-valy.cz\/en\/lokalita\/hradiste-mikulcice-valy\/"},"modified":"2016-05-25T22:27:32","modified_gmt":"2016-05-25T22:27:32","slug":"hradiste-mikulcice-valy","status":"publish","type":"page","link":"https:\/\/mikulcice.arub.cz\/en\/lokalita\/hradiste-mikulcice-valy\/","title":{"rendered":"Hradi\u0161t\u011b Mikul\u010dice-Valy"},"content":{"rendered":"","protected":false},"excerpt":{"rendered":"","protected":false},"author":5,"featured_media":0,"parent":1263,"menu_order":0,"comment_status":"closed","ping_status":"closed","template":"","meta":{"footnotes":"","_links_to":"","_links_to_target":""},"class_list":["post-1266","page","type-page","status-publish","hentry"],"_links":{"self":[{"href":"https:\/\/mikulcice.arub.cz\/en\/wp-json\/wp\/v2\/pages\/1266","targetHints":{"allow":["GET"]}}],"collection":[{"href":"https:\/\/mikulcice.arub.cz\/en\/wp-json\/wp\/v2\/pages"}],"about":[{"href":"https:\/\/mikulcice.arub.cz\/en\/wp-json\/wp\/v2\/types\/page"}],"author":[{"embeddable":true,"href":"https:\/\/mikulcice.arub.cz\/en\/wp-json\/wp\/v2\/users\/5"}],"replies":[{"embeddable":true,"href":"https:\/\/mikulcice.arub.cz\/en\/wp-json\/wp\/v2\/comments?post=1266"}],"version-history":[{"count":0,"href":"https:\/\/mikulcice.arub.cz\/en\/wp-json\/wp\/v2\/pages\/1266\/revisions"}],"up":[{"embeddable":true,"href":"https:\/\/mikulcice.arub.cz\/en\/wp-json\/wp\/v2\/pages\/1263"}],"wp:attachment":[{"href":"https:\/\/mikulcice.arub.cz\/en\/wp-json\/wp\/v2\/media?parent=1266"}],"curies":[{"name":"wp","href":"https:\/\/api.w.org\/{rel}","templated":true}]}}